												
		{"id":3,"date":"2023-07-20T12:47:42","date_gmt":"2023-07-20T12:47:42","guid":{"rendered":"https:\/\/remaxcollection.it\/?page_id=3"},"modified":"2023-07-27T12:00:40","modified_gmt":"2023-07-27T12:00:40","slug":"privacy-policy","status":"publish","type":"page","link":"https:\/\/remaxcollection.it\/en\/privacy-policy\/","title":{"rendered":"Privacy Policy"},"content":{"rendered":"<h1>Informativa sulla Privacy &amp; Cookie Policy<\/h1>\n<h2>Introduzione<\/h2>\n<p>La presente Informativa ha lo scopo di informare l&#8217;utente circa le modalit\u00e0 di trattamento dei dati personali che lo riguardano.<\/p>\n<p>RE\/MAX Collection, in linea con il D.lgs. 196\/2003 (di seguito &#8220;Codice Privacy&#8221;) e il Regolamento (UE) 2016\/679 (di seguito &#8220;GDPR&#8221;), intende garantire la privacy e la sicurezza dei dati personali di ciascun visitatore coerentemente con quanto prescritto nella presente Informativa.<\/p>\n<p><strong>La presente Informativa \u00e8 da intendersi quale informativa ai sensi dell&#8217;art. 13 del Codice Privacy e degli artt. 13 e 14 del GDPR.<\/strong><\/p>\n<h2>Titolare del Trattamenti dei dati<\/h2>\n<p>Il Titolare del trattamento dei dati \u00e8, nella persona del suo titolare:<\/p>\n<p><strong>RE\/MAX Italia - Proximm S.P.A.<\/strong><\/p>\n<p>Via Locchi 3 - 20156 Milano - Italy P. IVA:11596520152<br \/>\nTelefono:<a target=\"_blank\" href=\"tel:+0287181365\">02 8718 1365<\/a><\/p>\n<h2>Tipologia di dati trattati<\/h2>\n<h3><strong>1.<\/strong><\/h3>\n<p><strong>Finalit\u00e0: <\/strong>Fornire le informazioni e\/o evadere le richieste inoltrate dall&#8217;utente.<\/p>\n<p><strong>Base giuridica:<\/strong> I trattamenti posti in essere per queste finalit\u00e0 sono necessari per l&#8217;adempimento di obblighi contrattuali e non necessitano di uno specifico consenso da parte dell&#8217;interessato.<\/p>\n<h3><strong>2.<\/strong><\/h3>\n<p><strong>Finalit\u00e0<\/strong>: Rilevare la sua esperienza d&#8217;uso delle nostre piattaforme, dei prodotti e servizi che offriamo e assicurare il corretto funzionamento delle pagine web e dei loro contenuti.<\/p>\n<p><strong>Base giuridica<\/strong>: I trattamenti posti in essere per queste finalit\u00e0 si basano su un legittimo interesse del Titolare.<\/p>\n<h3><strong>3.<\/strong><\/h3>\n<p><strong>Finalit\u00e0: <\/strong>Svolgere attivit\u00e0 di analisi e elaborazione di informazioni relative all&#8217;utente, alle sue preferenze, abitudini, scelte di consumo e\/o esperienze di navigazione. Tale attivit\u00e0 viene effettuata anche mediante l&#8217;utilizzo di tecnologie quali i cookie (per maggiori informazioni si rimanda al paragrafo \u2018cookie policy\u2019 della presente Informativa).<\/p>\n<p><strong>Base giuridica:<\/strong> I trattamenti posti in essere per queste finalit\u00e0 vengono effettuati con lo specifico consenso fornito dall&#8217;utente.<\/p>\n<h2>Ambito di circolazione dei dati e Trasferimento dati extra UE<\/h2>\n<p>Per finalit\u00e0 amministrative, la informiamo che i suoi dati potrebbero essere comunicati dal Titolare a collaboratori soggetti esterni per la loro elaborazione (ad esempio Studi commercialistici) limitatamente alla evasione delle sue richieste pervenute tramite il sito.<\/p>\n<p>Ai sensi dell&#8217;art. 43 del Codice Privacy e dell&#8217;art. 44 del GDPR, il Titolare potrebbe trasferire i suoi dati personali a Terze Parti ubicate in Stati non appartenenti all&#8217;Unione Europea ovvero allo Spazio Economico Europeo. In tale circostanza, Il Titolare assicura l&#8217;adozione di adeguate garanzie (come la sottoscrizione di clausole contrattuali standard approvate dalla Commissione UE) con la societ\u00e0 estera ricevente i dati; tali clausole garantiscono un livello di protezione dei dati corrispondente a quello sancito dalla normativa europea.<\/p>\n<h2>Modalit\u00e0 del trattamento di dati<\/h2>\n<p>Il trattamento dei dati personali viene effettuato prevalentemente utilizzando procedure e supporti elettronici (DB, piattaforme di CRM, ecc.) per il tempo strettamente necessario a conseguire gli scopi per i quali i dati sono stati raccolti e, comunque, in conformit\u00e0 ai principi di liceit\u00e0, correttezza, non eccedenza e pertinenza previsti dalla vigente normativa privacy.<\/p>\n<h2>Collegamento verso\/da siti terzi<\/h2>\n<p>Da questo sito web \u00e8 possibile collegarsi, mediante appositi link, verso altri siti web ovvero \u00e8 possibile da siti web di terzi connettersi al nostro sito web.<\/p>\n<p>Il Titolare declina qualsiasi responsabilit\u00e0 in merito all&#8217;eventuale richiesta e\/o rilascio di dati personali a siti terzi.<\/p>\n<h2>Conservazione dei dati<\/h2>\n<p>La informiamo che i dati relativi ai log di navigazione, qualora registrati, saranno conservati dal Titolare per un periodo pari a 6 mesi.<br \/>\nLa informiamo, inoltre, che i dati da lei forniti saranno trattati per tutta la durata del rapporto contrattuale tra di noi in essere e ulteriormente conservati esclusivamente per il periodo previsto per l&#8217;adempimento di obblighi di legge, sempre che non risulti necessario conservarli ulteriormente per difendere o far valere un diritto o per adempiere a eventuali ulteriori obblighi di legge o ordini delle Autorit\u00e0.<\/p>\n<h2>Diritti degli interessati<\/h2>\n<p>I soggetti cui si riferiscono i sopra citati dati (c.d. \u2018interessati\u2019), hanno la facolt\u00e0 di esercitare i propri diritti secondo le modalit\u00e0 e nei limiti previsti dalla vigente normativa privacy.<\/p>\n<p>In relazione al trattamento dei suoi dati personali, ha diritto di chiedere al Titolare:<\/p>\n<ul>\n<li><strong>l&#8217;accesso:<\/strong> pu\u00f2 chiedere conferma che sia o meno in essere un trattamento di dati che la riguardano, oltre a maggiori chiarimenti circa le informazioni di cui alla presente Informativa, nonch\u00e9 di ricevere i dati stessi, nei limiti della ragionevolezza;<\/li>\n<li><strong>la rettifica:<\/strong> pu\u00f2 chiedere di rettificare o integrare i dati che ci ha fornito o comunque in nostro possesso, qualora inesatti;<\/li>\n<li><strong>la rettifica:<\/strong> pu\u00f2 chiedere di rettificare o integrare i dati che ci ha fornito o comunque in nostro possesso, qualora inesatti;<\/li>\n<li><strong>la cancellazione:<\/strong> pu\u00f2 chiedere che i suoi dati acquisiti o trattati vengano cancellati, qualora non siano pi\u00f9 necessari alle nostre finalit\u00e0 o laddove non vi siano contestazioni o controversie in essere, in caso di revoca del consenso o sua opposizione al trattamento, in caso di trattamento illecito, ovvero qualora sussista un obbligo legale di cancellazione;<\/li>\n<li><strong>la limitazione:<\/strong> pu\u00f2 chiedere la limitazione del trattamento dei suoi dati personali, quando ricorre una delle condizioni di cui all&#8217;art. 18 del GDPR; in tal caso, i suoi dati non saranno trattati, salvo che per la conservazione, senza il suo consenso fatta eccezione per quanto esplicitato nel medesimo articolo al comma<\/li>\n<li>2. <strong>l&#8217;opposizione:<\/strong> pu\u00f2 opporsi in qualunque momento al trattamento dei suoi dati sulla base di un nostro legittimo interesse, salvo che vi siano nostri motivi legittimi per procedere al trattamento che prevalgano sui suoi, per esempio per l&#8217;esercizio o la nostra difesa in sede giudiziaria; la sua opposizione prevarr\u00e0 sempre e comunque sul nostro interesse legittimo a trattare i suoi dati per finalit\u00e0 di marketing;<\/li>\n<li><strong>la portabilit\u00e0:<\/strong> pu\u00f2 chiedere di ricevere i suoi dati, o di farli trasmettere ad altro titolare da lei indicato, in un formato strutturato, di uso comune e leggibile da dispositivo automatico. Inoltre, ai sensi dell&#8217;art. 7, par. 3, GDPR, la informiamo che pu\u00f2 esercitare in qualsiasi momento il suo diritto di revoca del consenso, senza che venga pregiudicata la liceit\u00e0 del trattamento basata sul consenso prestato antecedentemente. Infine, la informiamo che ha diritto di proporre reclamo dinanzi all&#8217;Autorit\u00e0 di Controllo, che in Italia \u00e8 il Garante per la Protezione dei Dati Personali. Per esercitare tali diritti, segnalare problemi o chiedere chiarimenti sul trattamento dei propri dati pu\u00f2 utilizzare il form di contatto presente sul sito oppure inviare una mail all&#8217;indirizzo specificato nel paragrafo &#8220;Titolare del Trattamento&#8221; Le comunichiamo, inoltre, che \u00e8 possibile inoltrare le sue richieste anche via posta, scrivendo al Titolare del Trattamento, all&#8217;indirizzo riportato nel precedente paragrafo &#8220;Titolare del Trattamento&#8221;<\/li>\n<\/ul>\n<h1>Informativa estesa sui cookie e Cookie policy<\/h1>\n<h2>Cosa sono i cookies<\/h2>\n<p>I cookies sono piccoli file di testo che vengono automaticamente posizionati sul PC del navigatore all&#8217;interno del browser. Essi contengono informazioni di base sulla navigazione in Internet e grazie al browser vengono riconosciuti ogni volta che l&#8217;utente visita il sito.<\/p>\n<p>Per default quasi tutti i browser web sono impostati per accettare automaticamente i cookie, ma \u00e8 possibile cambiare questa impostazione per far s\u00ec che i cookies non vengano installati.<\/p>\n<p>Tipicamente i cookie possono essere installati:<\/p>\n<ul>\n<li>direttamente dal proprietario e\/o responsabile del sito web (c.d. cookie di prima parte);<\/li>\n<li>da responsabili estranei al sito web visitato dall&#8217;utente (c.d. cookie di terza parte).<\/li>\n<\/ul>\n<p>Questo sito web pu\u00f2 utilizzare, anche in combinazione tra di loro, i seguenti tipi di cookie classificati in base alle indicazioni del Garante Privacy e dei Pareri emessi in ambito Europeo dal Gruppo di Lavoro ex art. 29 del GDPR:<\/p>\n<ul>\n<li><strong>Sessione,<\/strong> sono i cookie che non vengono memorizzati in modo persistente sul computer dell&#8217;utente e si cancellano con la chiusura del browser, sono strettamente limitati alla trasmissione di identificativi di sessione necessari per consentire l&#8217;esplorazione sicura ed efficiente del sito evitando il ricorso ad altre tecniche informatiche potenzialmente pregiudizievoli per la riservatezza della navigazione degli utenti.<\/li>\n<li><strong>Persistenti,<\/strong> sono i cookie che rimangono memorizzati sul disco rigido del computer fino alla loro scadenza o cancellazione da parte degli utenti\/visitatori. Tramite i cookie persistenti i visitatori che accedono al sito (o eventuali altri utenti che impiegano il medesimo computer) vengono automaticamente riconosciuti ad ogni visita. I visitatori possono impostare il browser del computer in modo tale che accetti\/rifiuti tutti i cookie o visualizzi un avviso ogni qual volta viene proposto un cookie, per poter valutare se accettarlo o meno. L&#8217;utente pu\u00f2, comunque, modificare la configurazione predefinita e disabilitare i cookie (cio\u00e8 bloccarli in via definitiva), impostando il livello di protezione pi\u00f9 elevato.<\/li>\n<li><strong>Tecnici,<\/strong> sono i cookie utilizzati per autenticarsi, per usufruire di contenuti multimediali tipo flash player o per consentire la scelta della lingua di navigazione. In generale non \u00e8 quindi necessario acquisire il consenso preventivo e informato dell&#8217;utente. Rientrano in questa fattispecie anche i cookie utilizzati per analizzare statisticamente gli accessi\/le visite al sito solo se utilizzati esclusivamente per scopi statistici e tramite la raccolta di informazioni in forma aggregata.<\/li>\n<li><strong>Non tecnici,<\/strong> sono tutti i cookie usati per finalit\u00e0 di profilazione e marketing. Il loro utilizzo sui terminali degli utenti \u00e8 vietato se questi non siano stati prima adeguatamente informati e non abbiano prestato al riguardo un valido consenso. Rientrano in questa categoria i cookies c.d. Anallitycs che sono utilizzati per raccogliere ed analizzare informazioni statistiche sugli accessi\/le visite al sito web.<\/li>\n<\/ul>\n<h2>Cookie presenti su questo sito web<\/h2>\n<h3>Cookie tecnici che non richiedono il consenso<\/h3>\n<ul>\n<li>Cookie di sessione \/ navigazione (cookie di prima parte) : si tratta di cookie che permettono di fruire delle funzionalit\u00e0 del sito senza memorizzare dati personali. Tali cookie permettono, ad esempio, di segnalare un errore nella compilazione di un form di contatto oppure di visualizzare i contenuti nella sua lingua<\/li>\n<li>Cookie statistici anonimi (cookie di prima o di terza parte): si tratta di cookie statistici che non memorizzano alcun dato personale dell&#8217;utente ma solo dati statistici aggregati.<\/li>\n<\/ul>\n<h3>Cookie per i quali \u00e8 richiesto il consenso<\/h3>\n<p>Su questo sito web non sono presenti cookies che memorizzano suoi dati personali per i quali sia richiesto il consenso. Per i trattamenti di dati personali che, previo suo consenso, societ\u00e0 terze a noi non note potrebbero porre in essere attraverso i cookie, collegandosi a questo link ed avvalendosi del relativo servizio potr\u00e0 personalizzare le sue scelte: <a href=\"http:\/\/www.youronlinechoices.com\/it\/le-tue-scelte\" target=\"_blank\" rel=\"noopener\">http:\/\/www.youronlinechoices.com\/it\/le-tue-scelte<\/a><\/p>\n<h3>Elenco dei cookie presenti sul sito web<\/h3>\n<p>Qui sotto \u00e8 riportato l\u2019elenco dei cookie che vengono installati durante la visita di questo sito web.<br \/>\nAlcuni dei cookie indicati potrebbero venir attivati solo in corrispondenza di determinate azioni compite dal visitatore e\/o per alcune pagine o funzionalit\u00e0 (ad esempio: i cookie per la gestione delle preferenze relative alla lingua del sito potrebbero essere installati solo quando il visitatore seleziona una lingua di visualizzazione).<\/p>\n<div class=\"overflow-inner\">\u00a0<\/div>\n<table>\n<tbody>\n<tr>\n<th>Nome<\/th>\n<th>Scopo<\/th>\n<th>Scadenza<\/th>\n<th>Tipo<\/th>\n<th>Parte<\/th>\n<\/tr>\n<tr>\n<td>cookie_notice_accepted<\/td>\n<td>Registra se l&#8217;utente ha o meno visualizzato il coookie banner in modo da non mostrarlo nuovamente ad ogni visualizzazione di pagina<\/td>\n<td>Persistente<\/td>\n<td>HTTP Cookie &#8211; Tecnico<\/td>\n<td>Prima parte<\/td>\n<\/tr>\n<tr>\n<td>wp_lang<\/td>\n<td>Memorizza le preferenze sulla lingua<\/td>\n<td>Sessione<\/td>\n<td>HTTP Cookie &#8211; Tecnico<\/td>\n<td>Prima parte<\/td>\n<\/tr>\n<tr>\n<td>wordpress_test_cookie<\/td>\n<td>Verifica se il browser accetta i cookie<\/td>\n<td>Sessione<\/td>\n<td>HTTP Cookie &#8211; Tecnico<\/td>\n<td>Prima parte<\/td>\n<\/tr>\n<\/tbody>\n<\/table>\n<h2>Gestire le tue preferenze sui cookie attraverso il browser<\/h2>\n<p>Le ricordiamo che \u00e8 possibile gestire le preferenze relative ai cookies anche utilizzando il suo browser.<\/p>\n<h3>Se si utilizza Internet Explorer<\/h3>\n<p>In Internet Explorer, fare clic su &#8220;Strumenti&#8221; poi &#8220;Opzioni Internet&#8221;. Nella scheda Privacy, spostare il cursore verso l&#8217;alto per bloccare tutti i cookie o verso il basso per consentire a tutti i cookie, e quindi fare clic su OK. Per approfondimenti: <a href=\"https:\/\/support.microsoft.com\/it-it\/help\/17442\/windows-internet-explorer-delete-manage-cookies\" target=\"_blank\" rel=\"noopener\">Visita il sito Microsoft<\/a><\/p>\n<h3>Se si utilizza il browser Firefox<\/h3>\n<p>Vai al menu &#8220;Strumenti&#8221; del browser e selezionare il menu &#8220;Opzioni&#8221; Fare clic sulla scheda &#8220;Privacy&#8221;, deselezionare la casella &#8220;Accetta cookie&#8221; e fare clic su OK. Per approfondimenti: <a href=\"https:\/\/support.mozilla.org\/it\/kb\/Attivare%20e%20disattivare%20i%20cookie?redirectlocale=en-us&amp;redirectslug=enabling+and+disabling+cookies\" target=\"_blank\" rel=\"noopener\">Visita il sito Mozzilla<\/a><\/p>\n<h3>Se si utilizza il browser Safari<\/h3>\n<p>Dal Browser Safari selezionare il menu &#8220;Modifica&#8221; e selezionare &#8220;Preferences&#8221;. Clicca su &#8220;Privacy&#8221;. Posizionare l&#8217;impostazione &#8220;cookies Block&#8221; sempre &#8220;e fare clic su OK. Per approfondimenti: <a href=\"https:\/\/support.apple.com\/it-it\/guide\/safari\/sfri11471\/15.1\/mac\/12.0\" target=\"_blank\" rel=\"noopener\"> Visita il sito Apple Safari<\/a><\/p>\n<h3>Se si utilizza il browser Google Chrome<\/h3>\n<p>Fai clic sul menu Chrome nella barra degli strumenti del browser. Selezionare &#8220;Impostazioni&#8221;. Fare clic su &#8220;Mostra impostazioni avanzate&#8221;. Nella sezione &#8220;Privacy&#8221;, fai clic sul pulsante &#8220;Impostazioni contenuti&#8221;. Nella sezione &#8220;Cookies&#8221;, selezionare &#8220;Non consentire ai siti per memorizzare i dati&#8221; e di controllo &#8220;cookie di blocco e di terze parti i dati sito&#8221;, e quindi fare clic su OK. Per approfondimenti: <a href=\"https:\/\/support.google.com\/accounts\/answer\/61416?hl=it\" target=\"_blank\" rel=\"noopener\">Visita il sito di Chrome<\/a><\/p>\n<h3>Se si utilizzai un qualsiasi altro browser<\/h3>\n<p>Cerca nelle Impostazioni del browser la modalit\u00e0 di gestione dei cookies.<\/p>\n","protected":false},"excerpt":{"rendered":"<p>Informativa sulla Privacy &amp; Cookie Policy Introduzione La presente Informativa ha lo scopo di informare l&#8217;utente circa le modalit\u00e0 di trattamento dei dati personali che lo riguardano. , in linea con il D.lgs. 196\/2003 (di seguito &#8220;Codice Privacy&#8221;) e il Regolamento (UE) 2016\/679 (di seguito &#8220;GDPR&#8221;), intende garantire la privacy e la sicurezza dei dati [&hellip;]<\/p>\n","protected":false},"author":1,"featured_media":0,"parent":0,"menu_order":0,"comment_status":"closed","ping_status":"open","template":"page-privacy-policy.php","meta":{"footnotes":""},"class_list":["post-3","page","type-page","status-publish","hentry"],"translation":{"provider":"WPGlobus","version":"2.10.10","language":"en","enabled_languages":["it","en"],"languages":{"it":{"title":true,"content":true,"excerpt":false},"en":{"title":false,"content":false,"excerpt":false}}},"acf":[],"_links":{"self":[{"href":"https:\/\/remaxcollection.it\/en\/wp-json\/wp\/v2\/pages\/3","targetHints":{"allow":["GET"]}}],"collection":[{"href":"https:\/\/remaxcollection.it\/en\/wp-json\/wp\/v2\/pages"}],"about":[{"href":"https:\/\/remaxcollection.it\/en\/wp-json\/wp\/v2\/types\/page"}],"author":[{"embeddable":true,"href":"https:\/\/remaxcollection.it\/en\/wp-json\/wp\/v2\/users\/1"}],"replies":[{"embeddable":true,"href":"https:\/\/remaxcollection.it\/en\/wp-json\/wp\/v2\/comments?post=3"}],"version-history":[{"count":3,"href":"https:\/\/remaxcollection.it\/en\/wp-json\/wp\/v2\/pages\/3\/revisions"}],"predecessor-version":[{"id":195,"href":"https:\/\/remaxcollection.it\/en\/wp-json\/wp\/v2\/pages\/3\/revisions\/195"}],"wp:attachment":[{"href":"https:\/\/remaxcollection.it\/en\/wp-json\/wp\/v2\/media?parent=3"}],"curies":[{"name":"wp","href":"https:\/\/api.w.org\/{rel}","templated":true}]}}